{"id":17,"date":"2025-06-03T09:13:37","date_gmt":"2025-06-03T07:13:37","guid":{"rendered":"http:\/\/rehkard.pl\/?page_id=17"},"modified":"2025-06-09T11:29:16","modified_gmt":"2025-06-09T09:29:16","slug":"fundacja","status":"publish","type":"page","link":"https:\/\/rehkard.pl\/index.php\/fundacja\/","title":{"rendered":"Fundacja REHKARD.PL"},"content":{"rendered":"\n<p>Cele fundancji:<\/p>\n\n\n\n<ul class=\"wp-block-list\">\n<li>promocja idei rehabilitacji kardiologicznej i profilaktyki chor\u00f3b uk\u0142adu kr\u0105\u017cenia i innych chor\u00f3b cywilizacyjnych,<\/li>\n\n\n\n<li>niesienie pomocy osobom dotkni\u0119tym powa\u017cnymi schorzeniami uk\u0142adu kr\u0105\u017cenia i innymi chorobami cywilizacyjnymi,<\/li>\n\n\n\n<li>udzielanie pomocy osobom, szpitalom i plac\u00f3wkom medycznym zajmuj\u0105cym si\u0119 leczeniem i rehabilitacj\u0105 os\u00f3b z chorobami uk\u0142adu kr\u0105\u017cenia i innymi chorobami cywilizacyjnymi,<\/li>\n\n\n\n<li>udzielanie pomocy osobom, plac\u00f3wkom medycznym, plac\u00f3wkom naukowym, wychowawczym, o\u015bwiatowym i opieku\u0144czym, zajmuj\u0105cym si\u0119 badaniami i szerzeniem wiedzy w zakresie chor\u00f3b uk\u0142adu kr\u0105\u017cenia i rehabilitacji kardiologicznej oraz i innych chor\u00f3b cywilizacyjnych,<\/li>\n\n\n\n<li>podejmowanie i wspieranie dzia\u0142a\u0144 w zakresie upowszechniania profilaktyki z zakresu chor\u00f3b uk\u0142adu kr\u0105\u017cenia i innych chor\u00f3b cywilizacyjnych,<\/li>\n\n\n\n<li>niesienie pomocy osobom biednym, niepe\u0142nosprawnym i instytucjom o wa\u017cnym znaczeniu spo\u0142ecznym, b\u0119d\u0105cym w trudnej sytuacji materialnej,<\/li>\n\n\n\n<li>niesienie pomocy lekarskiej uczestnikom imprez masowych.<\/li>\n<\/ul>\n\n\n\n<figure class=\"wp-block-image size-full\"><img loading=\"lazy\" decoding=\"async\" width=\"470\" height=\"209\" src=\"http:\/\/rehkard.pl\/wp-content\/uploads\/2025\/06\/logo_5_szary.jpg\" alt=\"\" class=\"wp-image-11\" srcset=\"https:\/\/rehkard.pl\/wp-content\/uploads\/2025\/06\/logo_5_szary.jpg 470w, https:\/\/rehkard.pl\/wp-content\/uploads\/2025\/06\/logo_5_szary-300x133.jpg 300w\" sizes=\"auto, (max-width: 470px) 100vw, 470px\" \/><\/figure>\n\n\n\n<blockquote class=\"wp-block-quote is-layout-flow wp-block-quote-is-layout-flow\">\n<p><\/p>\n<\/blockquote>\n\n\n\n<p><\/p>\n","protected":false},"excerpt":{"rendered":"<p>Cele fundancji:<\/p>\n","protected":false},"author":1,"featured_media":0,"parent":0,"menu_order":0,"comment_status":"closed","ping_status":"closed","template":"","meta":{"footnotes":""},"class_list":["post-17","page","type-page","status-publish","hentry"],"_links":{"self":[{"href":"https:\/\/rehkard.pl\/index.php\/wp-json\/wp\/v2\/pages\/17","targetHints":{"allow":["GET"]}}],"collection":[{"href":"https:\/\/rehkard.pl\/index.php\/wp-json\/wp\/v2\/pages"}],"about":[{"href":"https:\/\/rehkard.pl\/index.php\/wp-json\/wp\/v2\/types\/page"}],"author":[{"embeddable":true,"href":"https:\/\/rehkard.pl\/index.php\/wp-json\/wp\/v2\/users\/1"}],"replies":[{"embeddable":true,"href":"https:\/\/rehkard.pl\/index.php\/wp-json\/wp\/v2\/comments?post=17"}],"version-history":[{"count":5,"href":"https:\/\/rehkard.pl\/index.php\/wp-json\/wp\/v2\/pages\/17\/revisions"}],"predecessor-version":[{"id":76,"href":"https:\/\/rehkard.pl\/index.php\/wp-json\/wp\/v2\/pages\/17\/revisions\/76"}],"wp:attachment":[{"href":"https:\/\/rehkard.pl\/index.php\/wp-json\/wp\/v2\/media?parent=17"}],"curies":[{"name":"wp","href":"https:\/\/api.w.org\/{rel}","templated":true}]}}